{"id":78,"date":"2020-12-02T14:46:35","date_gmt":"2020-12-02T13:46:35","guid":{"rendered":"http:\/\/aeroclub-agenais.fr\/?page_id=78"},"modified":"2021-05-25T22:43:47","modified_gmt":"2021-05-25T20:43:47","slug":"contact","status":"publish","type":"page","link":"https:\/\/aeroclub-agenais.fr\/?page_id=78","title":{"rendered":"Contact"},"content":{"rendered":"\n<div class=\"wp-block-cover alignfull\" style=\"min-height:300px\"><img loading=\"lazy\" width=\"2560\" height=\"1331\" class=\"wp-block-cover__image-background wp-image-918\" alt=\"\" src=\"http:\/\/aeroclub-agenais.fr\/wp-content\/uploads\/2021\/04\/3-Avions-Banniere-3-scaled.jpg\" style=\"object-position:50% 75%\" data-object-fit=\"cover\" data-object-position=\"50% 75%\" srcset=\"https:\/\/aeroclub-agenais.fr\/wp-content\/uploads\/2021\/04\/3-Avions-Banniere-3-scaled.jpg 2560w, https:\/\/aeroclub-agenais.fr\/wp-content\/uploads\/2021\/04\/3-Avions-Banniere-3-300x156.jpg 300w, https:\/\/aeroclub-agenais.fr\/wp-content\/uploads\/2021\/04\/3-Avions-Banniere-3-1024x532.jpg 1024w, https:\/\/aeroclub-agenais.fr\/wp-content\/uploads\/2021\/04\/3-Avions-Banniere-3-768x399.jpg 768w, https:\/\/aeroclub-agenais.fr\/wp-content\/uploads\/2021\/04\/3-Avions-Banniere-3-1536x799.jpg 1536w, https:\/\/aeroclub-agenais.fr\/wp-content\/uploads\/2021\/04\/3-Avions-Banniere-3-2048x1065.jpg 2048w\" sizes=\"(max-width: 2560px) 100vw, 2560px\" \/><div class=\"wp-block-cover__inner-container\">\n<p class=\"has-text-align-center has-large-font-size\"><\/p>\n<\/div><\/div>\n\n\n\n<div style=\"height:10px\" aria-hidden=\"true\" class=\"wp-block-spacer\"><\/div>\n\n\n\n<div class=\"wp-block-columns\">\n<div class=\"wp-block-column\" style=\"flex-basis:66.66%\">\n<p>Vous avez des questions, des remarques ou bien des id\u00e9es? <\/p>\n\n\n\n<p>N&rsquo;h\u00e9sitez donc pas \u00e0 nous contacter gr\u00e2ce \u00e0 ce formulaire, nous vous r\u00e9pondrons dans les meilleurs d\u00e9lais<\/p>\n\n\n\n<div class=\"wp-block-contact-form-7-contact-form-selector\"><div role=\"form\" class=\"wpcf7\" id=\"wpcf7-f278-o1\" lang=\"fr-FR\" dir=\"ltr\">\n<div class=\"screen-reader-response\"><p role=\"status\" aria-live=\"polite\" aria-atomic=\"true\"><\/p> <ul><\/ul><\/div>\n<form action=\"\/index.php?rest_route=%2Fwp%2Fv2%2Fpages%2F78#wpcf7-f278-o1\" method=\"post\" class=\"wpcf7-form init\" novalidate=\"novalidate\" data-status=\"init\">\n<div style=\"display: none;\">\n<input type=\"hidden\" name=\"_wpcf7\" value=\"278\" \/>\n<input type=\"hidden\" name=\"_wpcf7_version\" value=\"5.5.6.1\" \/>\n<input type=\"hidden\" name=\"_wpcf7_locale\" value=\"fr_FR\" \/>\n<input type=\"hidden\" name=\"_wpcf7_unit_tag\" value=\"wpcf7-f278-o1\" \/>\n<input type=\"hidden\" name=\"_wpcf7_container_post\" value=\"0\" \/>\n<input type=\"hidden\" name=\"_wpcf7_posted_data_hash\" value=\"\" \/>\n<input type=\"hidden\" name=\"_wpcf7_recaptcha_response\" value=\"\" \/>\n<\/div>\n<p><label> Votre nom<br \/>\n    <span class=\"wpcf7-form-control-wrap your-name\"><input type=\"text\" name=\"your-name\" value=\"\" size=\"40\" class=\"wpcf7-form-control wpcf7-text wpcf7-validates-as-required\" aria-required=\"true\" aria-invalid=\"false\" \/><\/span> <\/label><\/p>\n<p><label> Votre e-mail<br \/>\n    <span class=\"wpcf7-form-control-wrap your-email\"><input type=\"email\" name=\"your-email\" value=\"\" size=\"40\" class=\"wpcf7-form-control wpcf7-text wpcf7-email wpcf7-validates-as-required wpcf7-validates-as-email\" aria-required=\"true\" aria-invalid=\"false\" \/><\/span> <\/label><\/p>\n<p><label> Objet<br \/>\n    <span class=\"wpcf7-form-control-wrap your-subject\"><input type=\"text\" name=\"your-subject\" value=\"\" size=\"40\" class=\"wpcf7-form-control wpcf7-text wpcf7-validates-as-required\" aria-required=\"true\" aria-invalid=\"false\" \/><\/span> <\/label><\/p>\n<p><label> Votre message<br \/>\n    <span class=\"wpcf7-form-control-wrap your-message\"><textarea name=\"your-message\" cols=\"40\" rows=\"10\" class=\"wpcf7-form-control wpcf7-textarea\" aria-invalid=\"false\"><\/textarea><\/span> <\/label><\/p>\n<p><center> <input type=\"submit\" value=\"Envoyer\" class=\"wpcf7-form-control has-spinner wpcf7-submit\" \/> <\/center><\/p>\n<div class=\"wpcf7-response-output\" aria-hidden=\"true\"><\/div><\/form><\/div><\/div>\n<\/div>\n\n\n\n<div class=\"wp-block-column is-vertically-aligned-top\" style=\"flex-basis:33.33%\">\n<p class=\"has-text-align-center\">Notre a\u00e9roclub est ouvert tous les jours de l&rsquo;ann\u00e9e. Nous vous invitons \u00e0 nous appeler au num\u00e9ro suivant pour prendre rendez-vous afin que notre chef pilote ou un de nos b\u00e9n\u00e9voles puisse vous accueillir.<\/p>\n\n\n\n<p class=\"has-text-align-center\">05 53 96 36 67<\/p>\n<\/div>\n<\/div>\n\n\n\n<p><\/p>\n","protected":false},"excerpt":{"rendered":"<p>Vous avez des questions, des remarques ou bien des id\u00e9es? N&rsquo;h\u00e9sitez donc pas \u00e0 nous contacter gr\u00e2ce \u00e0 ce formulaire, nous vous r\u00e9pondrons dans les meilleurs d\u00e9lais Notre a\u00e9roclub est ouvert tous les jours de l&rsquo;ann\u00e9e. Nous vous invitons \u00e0 nous appeler au num\u00e9ro suivant pour prendre rendez-vous afin que notre chef pilote ou un &hellip;<\/p>\n<p class=\"read-more\"> <a class=\"\" href=\"https:\/\/aeroclub-agenais.fr\/?page_id=78\"> <span class=\"screen-reader-text\">Contact<\/span> Lire la suite\u00a0\u00bb<\/a><\/p>\n","protected":false},"author":2,"featured_media":0,"parent":0,"menu_order":7,"comment_status":"closed","ping_status":"closed","template":"","meta":{"site-sidebar-layout":"default","site-content-layout":"default","ast-main-header-display":"","ast-hfb-above-header-display":"","ast-hfb-below-header-display":"","ast-hfb-mobile-header-display":"","site-post-title":"disabled","ast-breadcrumbs-content":"","ast-featured-img":"","footer-sml-layout":"","theme-transparent-header-meta":"default","adv-header-id-meta":"","stick-header-meta":"","header-above-stick-meta":"","header-main-stick-meta":"","header-below-stick-meta":""},"_links":{"self":[{"href":"https:\/\/aeroclub-agenais.fr\/index.php?rest_route=\/wp\/v2\/pages\/78"}],"collection":[{"href":"https:\/\/aeroclub-agenais.fr\/index.php?rest_route=\/wp\/v2\/pages"}],"about":[{"href":"https:\/\/aeroclub-agenais.fr\/index.php?rest_route=\/wp\/v2\/types\/page"}],"author":[{"embeddable":true,"href":"https:\/\/aeroclub-agenais.fr\/index.php?rest_route=\/wp\/v2\/users\/2"}],"replies":[{"embeddable":true,"href":"https:\/\/aeroclub-agenais.fr\/index.php?rest_route=%2Fwp%2Fv2%2Fcomments&post=78"}],"version-history":[{"count":24,"href":"https:\/\/aeroclub-agenais.fr\/index.php?rest_route=\/wp\/v2\/pages\/78\/revisions"}],"predecessor-version":[{"id":1405,"href":"https:\/\/aeroclub-agenais.fr\/index.php?rest_route=\/wp\/v2\/pages\/78\/revisions\/1405"}],"wp:attachment":[{"href":"https:\/\/aeroclub-agenais.fr\/index.php?rest_route=%2Fwp%2Fv2%2Fmedia&parent=78"}],"curies":[{"name":"wp","href":"https:\/\/api.w.org\/{rel}","templated":true}]}}