{"id":204,"date":"2021-02-14T14:01:45","date_gmt":"2021-02-14T13:01:45","guid":{"rendered":"http:\/\/aeroclub-agenais.fr\/?page_id=204"},"modified":"2024-12-16T19:31:35","modified_gmt":"2024-12-16T18:31:35","slug":"les-tarifs","status":"publish","type":"page","link":"https:\/\/aeroclub-agenais.fr\/?page_id=204","title":{"rendered":"Les Tarifs"},"content":{"rendered":"\n<div class=\"wp-block-cover alignfull\" style=\"min-height:300px\"><img loading=\"lazy\" width=\"2560\" height=\"1331\" class=\"wp-block-cover__image-background wp-image-918\" alt=\"\" src=\"http:\/\/aeroclub-agenais.fr\/wp-content\/uploads\/2021\/04\/3-Avions-Banniere-3-scaled.jpg\" style=\"object-position:50% 75%\" data-object-fit=\"cover\" data-object-position=\"50% 75%\" srcset=\"https:\/\/aeroclub-agenais.fr\/wp-content\/uploads\/2021\/04\/3-Avions-Banniere-3-scaled.jpg 2560w, https:\/\/aeroclub-agenais.fr\/wp-content\/uploads\/2021\/04\/3-Avions-Banniere-3-300x156.jpg 300w, https:\/\/aeroclub-agenais.fr\/wp-content\/uploads\/2021\/04\/3-Avions-Banniere-3-1024x532.jpg 1024w, https:\/\/aeroclub-agenais.fr\/wp-content\/uploads\/2021\/04\/3-Avions-Banniere-3-768x399.jpg 768w, https:\/\/aeroclub-agenais.fr\/wp-content\/uploads\/2021\/04\/3-Avions-Banniere-3-1536x799.jpg 1536w, https:\/\/aeroclub-agenais.fr\/wp-content\/uploads\/2021\/04\/3-Avions-Banniere-3-2048x1065.jpg 2048w\" sizes=\"(max-width: 2560px) 100vw, 2560px\" \/><div class=\"wp-block-cover__inner-container\">\n<p class=\"has-text-align-center has-large-font-size\"><\/p>\n<\/div><\/div>\n\n\n\n<div style=\"height:11px\" aria-hidden=\"true\" class=\"wp-block-spacer\"><\/div>\n\n\n\n<p>Vous trouverez sur cette page l&rsquo;ensemble des tarifs appliqu\u00e9s par notre a\u00e9roclub pour l&rsquo;ann\u00e9e 2024 et d\u00e9but 2025:<\/p>\n\n\n\n<p class=\"has-text-align-center has-medium-font-size\">Tarifs d&rsquo;un \u00ab\u00a0<strong>vol d\u00e9couverte<\/strong>\u00a0\u00bb &#8211; ce terme officiel remplace l&rsquo;ancienne notion de \u00ab\u00a0bapt\u00eame de l&rsquo;air\u00a0\u00bb : <br> un pilote, exp\u00e9riment\u00e9 et sp\u00e9cialement mandat\u00e9, vous emm\u00e8ne pour une <br>promenade dans une zone de rayon 30 kms autour de l&rsquo;a\u00e9rodrome d&rsquo;Agen<\/p>\n\n\n\n<figure class=\"wp-block-table is-style-regular\"><table class=\"has-background\" style=\"background-color:#f3f4f5\"><thead><tr><th class=\"has-text-align-center\" data-align=\"center\"> <strong>Vol d\u00e9couverte<\/strong> pour :<\/th><th class=\"has-text-align-center\" data-align=\"center\"><s>15 Minutes<\/s><\/th><th class=\"has-text-align-center\" data-align=\"center\">30 Minutes<\/th><\/tr><\/thead><tbody><tr><td class=\"has-text-align-center\" data-align=\"center\">1 Passager (en avion ou en ULM)<\/td><td class=\"has-text-align-center\" data-align=\"center\">Les vols de 15<\/td><td class=\"has-text-align-center\" data-align=\"center\">130 \u20ac<\/td><\/tr><tr><td class=\"has-text-align-center\" data-align=\"center\">2 Passagers (en avion)<\/td><td class=\"has-text-align-center\" data-align=\"center\">minutes sont<\/td><td class=\"has-text-align-center\" data-align=\"center\">180 \u20ac<\/td><\/tr><tr><td class=\"has-text-align-center\" data-align=\"center\">3 Passagers (en avion) <\/td><td class=\"has-text-align-center\" data-align=\"center\">arr\u00eat\u00e9s en 10\/2024<\/td><td class=\"has-text-align-center\" data-align=\"center\">180 \u20ac<\/td><\/tr><\/tbody><\/table><\/figure>\n\n\n\n<div style=\"height:40px\" aria-hidden=\"true\" class=\"wp-block-spacer\"><\/div>\n\n\n\n<p class=\"has-text-align-center has-medium-font-size\">Tarif d&rsquo;un \u00ab\u00a0<strong>vol d&rsquo;initiation<\/strong>\u00a0\u00bb &#8211; ce terme officiel signale que VOUS \u00eates en place pilote (\u00e0 gauche) et qu&rsquo;un INSTRUCTEUR vous initie et vous assiste avec : briefing, envol, d\u00e9briefing. <strong>La dur\u00e9e de vol (soit 1h30, soit 3 heures)<\/strong> peut \u00eatre utilement fractionn\u00e9e <br>en X s\u00e9ances de 30 \u00e0 45 minutes de vol. Le club d&rsquo;Agen d\u00e9tient <span style=\"text-decoration: underline;\">AVIONS <\/span>et <span style=\"text-decoration: underline;\">ULM<\/span>; en cons\u00e9quence, <br>cette initiation au pilotage est achet\u00e9e selon 2 processus distincts : <\/p>\n\n\n\n<figure class=\"wp-block-table is-style-regular\"><table class=\"has-background\" style=\"background-color:#f3f4f5\"><thead><tr><th class=\"has-text-align-center\" data-align=\"center\">OPTION-1  <strong>Vol d&rsquo;initiation <\/strong>pour UN pilote en avion<\/th><th class=\"has-text-align-center\" data-align=\"center\">Dur\u00e9e<\/th><th class=\"has-text-align-center\" data-align=\"center\">Tarif A\u00e9roclub d&rsquo;Agen<\/th><\/tr><\/thead><tbody><tr><td class=\"has-text-align-center\" data-align=\"center\"><em><strong>Niveau 1<\/strong> \u00ab\u00a0Pr\u00eat au d\u00e9collage\u00a0\u00bb<\/em><\/td><td class=\"has-text-align-center\" data-align=\"center\"><em><strong>1 heure 30<\/strong><\/em><\/td><td class=\"has-text-align-center\" data-align=\"center\"><em><strong>255 \u20ac<\/strong><\/em><\/td><\/tr><tr><td class=\"has-text-align-center\" data-align=\"center\"><em><strong> Niveau 2<\/strong> \u00ab\u00a0Mont\u00e9e Initiale\u00a0\u00bb <\/em><\/td><td class=\"has-text-align-center\" data-align=\"center\"><em><strong>3 heures<\/strong><\/em><\/td><td class=\"has-text-align-center\" data-align=\"center\"><em><strong>495 \u20ac<\/strong><\/em><\/td><\/tr><tr><td class=\"has-text-align-center\" data-align=\"center\"><\/td><td class=\"has-text-align-center\" data-align=\"center\"><\/td><td class=\"has-text-align-center\" data-align=\"center\"><\/td><\/tr><\/tbody><\/table><\/figure>\n\n\n\n<p class=\"has-text-align-center has-medium-font-size\">D\u00e9tails pour l&rsquo;<span style=\"text-decoration: underline;\">OPTION- 1<\/span>  <span style=\"text-decoration: underline;\">vol d&rsquo;initiation en AVION<\/span> &#8211; allez sur le site enviedepiloter.fr et ses subdivisions: <br>a &#8211; Pr\u00e9sentation g\u00e9n\u00e9rale des \u00ab\u00a0<strong>Passeports initiation<\/strong>\u00a0\u00bb : <a href=\"https:\/\/enviedepiloter.fr\/presentation-des-passeports\/\">https:\/\/enviedepiloter.fr\/presentation-des-passeports\/<\/a><br>b &#8211; conditions g\u00e9n\u00e9rales d&rsquo;usage : <a href=\"https:\/\/enviedepiloter.fr\/wp-content\/uploads\/2021\/08\/CGU-Pass-initiation-au-pilotage-01062021.pdf\">https:\/\/enviedepiloter.fr\/wp-content\/uploads\/2021\/08\/CGU-Pass-initiation-au-pilotage-01062021.pdf<\/a><br>c &#8211; commander un passeport \u00e0 l&rsquo;a\u00e9roclub d&rsquo;Agen: <a href=\"https:\/\/enviedepiloter.fr\/commander-un-passeport\/?code_fna=08050\">https:\/\/enviedepiloter.fr\/commander-un-passeport\/?code_fna=08050<\/a><\/p>\n\n\n\n<div style=\"height:40px\" aria-hidden=\"true\" class=\"wp-block-spacer\"><\/div>\n\n\n\n<figure class=\"wp-block-table is-style-regular\"><table class=\"has-background\" style=\"background-color:#f3f4f5\"><thead><tr><th class=\"has-text-align-center\" data-align=\"center\"> OPTION-2  Vol d&rsquo;initiation pour UN pilote en ULM &#8211; appelez l&rsquo;a\u00e9roclub d&rsquo;Agen pour rendez-vous<br>Le tarif est unique, pour un vol d&rsquo;initiation de 30 minutes <\/th><th class=\"has-text-align-center\" data-align=\"center\">30 Minutes<\/th><\/tr><\/thead><tbody><tr><td class=\"has-text-align-center\" data-align=\"center\"><strong>1 pilote en initiation sur ULM 3 axes<\/strong> (aspect et pilotage similaires \u00e0 un avion)<\/td><td class=\"has-text-align-center\" data-align=\"center\"><strong>150 \u20ac<\/strong><\/td><\/tr><\/tbody><\/table><\/figure>\n\n\n\n<div style=\"height:40px\" aria-hidden=\"true\" class=\"wp-block-spacer\"><\/div>\n\n\n\n<p class=\"has-text-align-center has-medium-font-size\"><strong>Tarifs annuels de l&rsquo;association &#8211; pour pilotes brevet\u00e9s et \u00e9l\u00e8ves-pilotes<\/strong><\/p>\n\n\n\n<figure class=\"wp-block-table is-style-regular\"><table class=\"has-background has-fixed-layout\" style=\"background-color:#f3f4f5\"><tbody><tr><td> Cotisation Club (+ de 21 ans) <\/td><td>230 \u20ac <\/td><\/tr><tr><td> Cotisation Club (- de 21 ans) <\/td><td>115 \u20ac <\/td><\/tr><tr><td> Licence F\u00e9d\u00e9rale FFA 2025 (avions) &#8211; (<s>usage ULM Agen <span style=\"text-decoration: underline;\">inclus<\/span><\/s>)<\/td><td>  78 \u20ac plus assurance IA de base 14 \u20ac = 92 \u20ac (ou IA sup\u00e9rieure en co\u00fbt et indemnit\u00e9s)<\/td><\/tr><tr><td> Abonnement Info Pilote 2025 (facultatif) <\/td><td>  49 \u20ac <\/td><\/tr><tr><td><s>Licence F\u00e9d\u00e9rale FFPLUM 2024 (ULM)  &#8211; pour ceux qui ne font que de l&rsquo;ULM au club, elle <span style=\"text-decoration: underline;\">remplace <\/span>la licence f\u00e9d\u00e9rale FFA<\/s>; Note: l&rsquo;ULM est en cours de vente ; \u00e0 suivre &#8230;<\/td><td>117 \u20ac <\/td><\/tr><\/tbody><\/table><\/figure>\n\n\n\n<div style=\"height:40px\" aria-hidden=\"true\" class=\"wp-block-spacer\"><\/div>\n\n\n\n<p class=\"has-text-align-center has-medium-font-size\"><strong>Tarifs horaires de nos appareils et de l&rsquo;heure d&rsquo;instruction <\/strong>(double commande) : \u00e0 chaque vol, ils sont d\u00e9compt\u00e9s par <br>tranches de dixi\u00e8mes d&rsquo;heure (6 minutes-moteur); ci-dessous, les tarifs pour une heure enti\u00e8re. <\/p>\n\n\n\n<figure class=\"wp-block-table is-style-regular\"><table class=\"has-background has-fixed-layout\" style=\"background-color:#f3f4f5\"><tbody><tr><td>Location A\u00e9roprakt A22 (class\u00e9 ULM) &#8211; <strong>en cours de vente <\/strong><\/td><td>90 \u20ac <\/td><\/tr><tr><td><s>Location HN-700 dit \u00ab\u00a0M\u00e9nestrel-2\u00a0\u00bb<\/s> &#8211; Avion vendu en 2024<\/td><td><s>85 \u20ac<\/s> <\/td><\/tr><tr><td>Location Diamond DV 20<\/td><td>134 \u20ac <\/td><\/tr><tr><td>Location Diamond DA40<\/td><td>170 \u20ac \/ 184 \u20ac \u00e0 compter du 1\/01\/2025<\/td><\/tr><tr><td>Double Commande (suppl\u00e9ment instructeur, par heure)<\/td><td>40 \u20ac <\/td><\/tr><\/tbody><\/table><\/figure>\n\n\n\n<div style=\"height:40px\" aria-hidden=\"true\" class=\"wp-block-spacer\"><\/div>\n\n\n\n<p><\/p>\n","protected":false},"excerpt":{"rendered":"<p>Vous trouverez sur cette page l&rsquo;ensemble des tarifs appliqu\u00e9s par notre a\u00e9roclub pour l&rsquo;ann\u00e9e 2024 et d\u00e9but 2025: Tarifs d&rsquo;un \u00ab\u00a0vol d\u00e9couverte\u00a0\u00bb &#8211; ce terme officiel remplace l&rsquo;ancienne notion de \u00ab\u00a0bapt\u00eame de l&rsquo;air\u00a0\u00bb : un pilote, exp\u00e9riment\u00e9 et sp\u00e9cialement mandat\u00e9, vous emm\u00e8ne pour une promenade dans une zone de rayon 30 kms autour de l&rsquo;a\u00e9rodrome &hellip;<\/p>\n<p class=\"read-more\"> <a class=\"\" href=\"https:\/\/aeroclub-agenais.fr\/?page_id=204\"> <span class=\"screen-reader-text\">Les Tarifs<\/span> Lire la suite\u00a0\u00bb<\/a><\/p>\n","protected":false},"author":2,"featured_media":0,"parent":0,"menu_order":5,"comment_status":"closed","ping_status":"closed","template":"","meta":{"site-sidebar-layout":"default","site-content-layout":"default","ast-main-header-display":"","ast-hfb-above-header-display":"","ast-hfb-below-header-display":"","ast-hfb-mobile-header-display":"","site-post-title":"disabled","ast-breadcrumbs-content":"","ast-featured-img":"","footer-sml-layout":"","theme-transparent-header-meta":"default","adv-header-id-meta":"","stick-header-meta":"","header-above-stick-meta":"","header-main-stick-meta":"","header-below-stick-meta":""},"_links":{"self":[{"href":"https:\/\/aeroclub-agenais.fr\/index.php?rest_route=\/wp\/v2\/pages\/204"}],"collection":[{"href":"https:\/\/aeroclub-agenais.fr\/index.php?rest_route=\/wp\/v2\/pages"}],"about":[{"href":"https:\/\/aeroclub-agenais.fr\/index.php?rest_route=\/wp\/v2\/types\/page"}],"author":[{"embeddable":true,"href":"https:\/\/aeroclub-agenais.fr\/index.php?rest_route=\/wp\/v2\/users\/2"}],"replies":[{"embeddable":true,"href":"https:\/\/aeroclub-agenais.fr\/index.php?rest_route=%2Fwp%2Fv2%2Fcomments&post=204"}],"version-history":[{"count":91,"href":"https:\/\/aeroclub-agenais.fr\/index.php?rest_route=\/wp\/v2\/pages\/204\/revisions"}],"predecessor-version":[{"id":1690,"href":"https:\/\/aeroclub-agenais.fr\/index.php?rest_route=\/wp\/v2\/pages\/204\/revisions\/1690"}],"wp:attachment":[{"href":"https:\/\/aeroclub-agenais.fr\/index.php?rest_route=%2Fwp%2Fv2%2Fmedia&parent=204"}],"curies":[{"name":"wp","href":"https:\/\/api.w.org\/{rel}","templated":true}]}}